{"id":6,"date":"2019-12-17T11:48:24","date_gmt":"2019-12-17T11:48:24","guid":{"rendered":"https:\/\/lionsnight.be\/?page_id=6"},"modified":"2020-01-06T10:56:02","modified_gmt":"2020-01-06T10:56:02","slug":"home","status":"publish","type":"page","link":"https:\/\/lionsnight.be\/","title":{"rendered":"Home"},"content":{"rendered":"<div class=\"spacer spacer-big \"><\/div><div class=\"wrapper-mini\"><div  class=\"column-section clearfix spaced-normal  col-align-top no-anim\"><div  class=\"column one-full last-col  col1 no-anim\" >\n<h3><strong>Anmeldung<\/strong><\/h3>\n\n<div class=\"wpcf7 no-js\" id=\"wpcf7-f5-o1\" lang=\"de-DE\" dir=\"ltr\" data-wpcf7-id=\"5\">\n<div class=\"screen-reader-response\"><p role=\"status\" aria-live=\"polite\" aria-atomic=\"true\"><\/p> <ul><\/ul><\/div>\n<form action=\"\/index.php\/wp-json\/wp\/v2\/pages\/6#wpcf7-f5-o1\" method=\"post\" class=\"wpcf7-form init\" aria-label=\"Kontaktformular\" novalidate=\"novalidate\" data-status=\"init\">\n<div style=\"display: none;\">\n<input type=\"hidden\" name=\"_wpcf7\" value=\"5\" \/>\n<input type=\"hidden\" name=\"_wpcf7_version\" value=\"6.0.2\" \/>\n<input type=\"hidden\" name=\"_wpcf7_locale\" value=\"de_DE\" \/>\n<input type=\"hidden\" name=\"_wpcf7_unit_tag\" value=\"wpcf7-f5-o1\" \/>\n<input type=\"hidden\" name=\"_wpcf7_container_post\" value=\"0\" \/>\n<input type=\"hidden\" name=\"_wpcf7_posted_data_hash\" value=\"\" \/>\n<\/div>\n<div class=\"column-section clearfix\">\n\t<div class=\"form-row column one-half\">\n\t\t<p><label> Name *<\/label><span class=\"wpcf7-form-control-wrap\" data-name=\"nachname\"><input size=\"40\" maxlength=\"400\" class=\"wpcf7-form-control wpcf7-text wpcf7-validates-as-required\" aria-required=\"true\" aria-invalid=\"false\" value=\"\" type=\"text\" name=\"nachname\" \/><\/span>\n\t\t<\/p>\n\t<\/div>\n\t<div class=\"form-row column one-half last-col\">\n\t\t<p><label> Vorname *<\/label><span class=\"wpcf7-form-control-wrap\" data-name=\"vorname\"><input size=\"40\" maxlength=\"400\" class=\"wpcf7-form-control wpcf7-text wpcf7-validates-as-required\" aria-required=\"true\" aria-invalid=\"false\" value=\"\" type=\"text\" name=\"vorname\" \/><\/span>\n\t\t<\/p>\n\t<\/div>\n<\/div>\n<div class=\"column-section clearfix\">\n\t<div class=\"form-row column one-half\">\n\t\t<p><label> Email Adresse *<\/label><span class=\"wpcf7-form-control-wrap\" data-name=\"email\"><input size=\"40\" maxlength=\"400\" class=\"wpcf7-form-control wpcf7-email wpcf7-validates-as-required wpcf7-text wpcf7-validates-as-email\" aria-required=\"true\" aria-invalid=\"false\" value=\"\" type=\"email\" name=\"email\" \/><\/span>\n\t\t<\/p>\n\t<\/div>\n\t<div class=\"form-row column one-half last-col\">\n\t\t<p><label> Anzahl Personen *<\/label><span class=\"wpcf7-form-control-wrap\" data-name=\"personen\"><input class=\"wpcf7-form-control wpcf7-number wpcf7-validates-as-required wpcf7-validates-as-number\" aria-required=\"true\" aria-invalid=\"false\" value=\"\" type=\"number\" name=\"personen\" \/><\/span>\n\t\t<\/p>\n\t<\/div>\n<\/div>\n<div class=\"rechnung-inner\">\n\t<div class=\"form-row clearfix\">\n\t\t<p><span class=\"wpcf7-form-control-wrap\" data-name=\"rechnung\"><span class=\"wpcf7-form-control wpcf7-checkbox\"><span class=\"wpcf7-list-item first last\"><input type=\"checkbox\" name=\"rechnung[]\" value=\"ja\" \/><span class=\"wpcf7-list-item-label\">ja<\/span><\/span><\/span><\/span><label> Rechnungsstellung inkl. Sponsoring in H\u00f6he von EUR 60 erw\u00fcnscht?<\/label>\n\t\t<\/p>\n\t<\/div>\n\t<div class=\"column-section clearfix\">\n\t\t<div class=\"form-row column one-half\">\n\t\t\t<p><label> Firmenname<\/label><span class=\"wpcf7-form-control-wrap\" data-name=\"firmenname\"><input size=\"40\" maxlength=\"400\" class=\"wpcf7-form-control wpcf7-text\" aria-invalid=\"false\" value=\"\" type=\"text\" name=\"firmenname\" \/><\/span>\n\t\t\t<\/p>\n\t\t<\/div>\n\t\t<div class=\"form-row column one-half last-col\">\n\t\t\t<p><label> Anschrift 1<\/label><span class=\"wpcf7-form-control-wrap\" data-name=\"anschrift1\"><input size=\"40\" maxlength=\"400\" class=\"wpcf7-form-control wpcf7-text\" aria-invalid=\"false\" value=\"\" type=\"text\" name=\"anschrift1\" \/><\/span>\n\t\t\t<\/p>\n\t\t<\/div>\n\t<\/div>\n\t<div class=\"column-section clearfix\">\n\t\t<div class=\"form-row column one-half\">\n\t\t\t<p><label> Anschrift 2<\/label><span class=\"wpcf7-form-control-wrap\" data-name=\"anschrift2\"><input size=\"40\" maxlength=\"400\" class=\"wpcf7-form-control wpcf7-text\" aria-invalid=\"false\" value=\"\" type=\"text\" name=\"anschrift2\" \/><\/span>\n\t\t\t<\/p>\n\t\t<\/div>\n\t\t<div class=\"form-row column one-half last-col\">\n\t\t\t<p><label> Land<\/label><span class=\"wpcf7-form-control-wrap\" data-name=\"land\"><input size=\"40\" maxlength=\"400\" class=\"wpcf7-form-control wpcf7-text\" aria-invalid=\"false\" value=\"\" type=\"text\" name=\"land\" \/><\/span>\n\t\t\t<\/p>\n\t\t<\/div>\n\t<\/div>\n<\/div>\n<div class=\"form-row\">\n\t<p><label>Folgende G\u00e4ste m\u00f6chte ich anmelden (Vorname, Nachname), W\u00fcnsche\/Anmerkungen<\/label><span class=\"wpcf7-form-control-wrap\" data-name=\"anmerkung\"><textarea cols=\"40\" rows=\"10\" maxlength=\"2000\" class=\"wpcf7-form-control wpcf7-textarea\" aria-invalid=\"false\" name=\"anmerkung\"><\/textarea><\/span>\n\t<\/p>\n<\/div>\n<div class=\"form-row\">\n\t<p><small>Beim Absenden dieses Formular, ist Ihre Anmeldung verbindlich. Ihre Daten werden ausschliesslich f\u00fcr die Beantwortung ihrer Anmeldung benutzt und nicht an Dritte weitergegeben. <a href=\"https:\/\/lionsnight.be\/index.php\/datenschutz\/\"><u>Datenschutz<\/u><\/a> <a href=\"https:\/\/lionsnight.be\/index.php\/impressum\/\"><u>Impressum<\/u><\/a><\/small>\n\t<\/p>\n\t<p><span class=\"wpcf7-form-control-wrap\" data-name=\"einverstanden\"><span class=\"wpcf7-form-control wpcf7-checkbox wpcf7-validates-as-required\"><span class=\"wpcf7-list-item first last\"><input type=\"checkbox\" name=\"einverstanden[]\" value=\"ja\" \/><span class=\"wpcf7-list-item-label\">ja<\/span><\/span><\/span><\/span><label> Ich bin einverstanden<\/label>\n\t<\/p>\n<\/div>\n<div class=\"form-row\">\n\t<p><input class=\"wpcf7-form-control wpcf7-submit has-spinner\" type=\"submit\" value=\"Jetzt anmelden\" \/>\n\t<\/p>\n<\/div><div class=\"wpcf7-response-output\" aria-hidden=\"true\"><\/div>\n<\/form>\n<\/div>\n\n<\/div><\/div><\/div><div class=\"spacer spacer-big \"><\/div>\n","protected":false},"excerpt":{"rendered":"","protected":false},"author":1,"featured_media":0,"parent":0,"menu_order":0,"comment_status":"closed","ping_status":"closed","template":"","meta":{"footnotes":""},"class_list":["post-6","page","type-page","status-publish","hentry","isotope-item"],"_links":{"self":[{"href":"https:\/\/lionsnight.be\/index.php\/wp-json\/wp\/v2\/pages\/6","targetHints":{"allow":["GET"]}}],"collection":[{"href":"https:\/\/lionsnight.be\/index.php\/wp-json\/wp\/v2\/pages"}],"about":[{"href":"https:\/\/lionsnight.be\/index.php\/wp-json\/wp\/v2\/types\/page"}],"author":[{"embeddable":true,"href":"https:\/\/lionsnight.be\/index.php\/wp-json\/wp\/v2\/users\/1"}],"replies":[{"embeddable":true,"href":"https:\/\/lionsnight.be\/index.php\/wp-json\/wp\/v2\/comments?post=6"}],"version-history":[{"count":8,"href":"https:\/\/lionsnight.be\/index.php\/wp-json\/wp\/v2\/pages\/6\/revisions"}],"predecessor-version":[{"id":14,"href":"https:\/\/lionsnight.be\/index.php\/wp-json\/wp\/v2\/pages\/6\/revisions\/14"}],"wp:attachment":[{"href":"https:\/\/lionsnight.be\/index.php\/wp-json\/wp\/v2\/media?parent=6"}],"curies":[{"name":"wp","href":"https:\/\/api.w.org\/{rel}","templated":true}]}}