{"id":3,"date":"2019-12-12T15:04:11","date_gmt":"2019-12-12T15:04:11","guid":{"rendered":"https:\/\/lionsnight.be\/?page_id=3"},"modified":"2020-01-06T11:28:39","modified_gmt":"2020-01-06T11:28:39","slug":"datenschutz","status":"publish","type":"page","link":"https:\/\/lionsnight.be\/index.php\/datenschutz\/","title":{"rendered":"Datenschutz"},"content":{"rendered":"<div id=\"page-body\">\n<div class=\"wrapper-small\">\n<div class=\"column-section clearfix spaced-normal col-align-top no-anim\">\n<div class=\"column one-full last-col col1 no-anim\">\n<div class=\"col-content\">\n<h5><strong>Allgemeine Hinweise<\/strong><\/h5>\n<p>Die folgenden Hinweise geben einen einfachen \u00dcberblick dar\u00fcber, was mit Ihren personenbezogenen Daten passiert, wenn Sie unsere Website besuchen. Personenbezogene Daten sind alle Daten, mit denen Sie pers\u00f6nlich identifiziert werden k\u00f6nnen. Ausf\u00fchrliche Informationen zum Thema Datenschutz entnehmen Sie unserer unter diesem Text aufgef\u00fchrten Datenschutzerkl\u00e4rung.<\/p>\n<div class=\"spacer spacer-medium \"><\/div>\n<h5><strong>Verarbeitung der personenbezogenen Daten<\/strong><\/h5>\n<p>Personenbezogene Daten d\u00fcrfen nur gem\u00e4\u00df den Regeln der Gesetze des Datenschutzes erhoben und verarbeitet werden. In bestimmten F\u00e4llen, speziell wenn der Benutzer auf der Website ein Formular ausf\u00fcllt und abschickt, ist es m\u00f6glich, dass bestimmte pers\u00f6nliche Daten auf dem Server gespeichert werden. Diese Informationen werden als vertraulich angesehen und entsprechend behandelt. Sie werden daher niemals ohne vorhergehende Zustimmung des Benutzers an Dritte verkauft oder weitergegeben. Wenn die Website \u00fcber einen Newsletter verf\u00fcgt, kann sich der Benutzer dort anmelden, um regelm\u00e4\u00dfig Informationen per E-Mail zu erhalten. In diesem Fall ben\u00f6tigt der Herausgeber eine g\u00fcltige E-Mail-Adresse, die der sich anmeldende Benutzer \u00fcber das entsprechende Formular \u00fcbermittelt. Der Benutzer best\u00e4tigt, der Eigent\u00fcmer der \u00fcbermittelten E-Mail-Adresse zu sein und erteilt seine Zustimmung f\u00fcr den Erhalt von E-Mails durch die Website oder den Herausgeber. Der Benutzer hat das Recht, sich jederzeit abzumelden. Der Benutzer hat das Recht, seine pers\u00f6nlichen Daten einzusehen um deren Richtigkeit zu \u00fcberpr\u00fcfen und gegebenenfalls deren Berichtigung zu verlangen. Dazu schickt er einen Einschreibebrief an den Herausgeber der Website dessen Kontaktinformationen oben angegeben sind.<\/p>\n<h5><strong>Log-Daten<\/strong><\/h5>\n<p>Wenn Sie unsere Webseite besuchen oder unsere Dienste nutzen \u00fcbermittelt das Ger\u00e4t, mit dem Sie die Seite aufrufen, automatisch Log-Daten (Verbindungsdaten) an unsere Server. Log-Daten enthalten die IP-Adresse des Ger\u00e4tes, mit dem Sie auf die Website zugreifen, die Art des Browsers, mit dem Sie zugreifen, sowie Datum und Zeitangaben.<\/p>\n<p>Diese Zugriffsdaten werden ausschlie\u00dflich zum Zwecke der Sicherstellung eines st\u00f6rungsfreien Betriebs der Seite sowie der Verbesserung unseres Angebots ausgewertet. Dies dient gem\u00e4\u00df Art. 6 Abs. 1 S. 1 lit. f DSGVO der Wahrung unserer im Rahmen einer Interessensabw\u00e4gung \u00fcberwiegenden berechtigten Interessen an einer korrekten Darstellung unseres Angebots. Alle Zugriffsdaten werden sp\u00e4testens 30 Tage nach Ende Ihres Seitenbesuchs gel\u00f6scht.<\/p>\n<div class=\"spacer spacer-medium \"><\/div>\n<h5><strong>Cookies<\/strong><\/h5>\n<p>Diese Website verwendet Cookies. Cookies sind kleine, ungef\u00e4hrliche Textdateien, die in keinem Fall Auswirkungen auf Ihr Privatleben oder die Sicherheit Ihres Rechners haben.\u00a0 Cookies verbessern den Komfort des Benutzers auf der Website und erlauben es dem Herausgeber, eine anonyme Besucherstatistik der Website zu f\u00fchren. Sehen Sie sich bitte die Anleitung Ihres Webbrowsers an, um Informationen dar\u00fcber zu erhalten, wie Sie Cookies auf Ihrem Computer verbieten oder l\u00f6schen k\u00f6nnen.<\/p>\n<div class=\"spacer spacer-medium \"><\/div>\n<h5><strong>Google Analytics<\/strong><\/h5>\n<p>Diese Website benutzt kein Google Analytics.<\/p>\n<div class=\"spacer spacer-medium \"><\/div>\n<h5><strong>Webfonts<\/strong><\/h5>\n<p>Auf unserer Website werden externe Schriften verwendet.<\/p>\n<h6><strong>Google Fonts<\/strong><\/h6>\n<p>Google Fonts ist ein Dienst der Google Inc. (\u201cGoogle\u201d). Die Einbindung dieser Web Fonts erfolgt durch einen Serveraufruf, in der Regel ein Server von Google in den USA. Hierdurch wird an den Server \u00fcbermittelt, welche unserer Internetseiten Sie besucht haben. Auch wird die IP-Adresse des Browsers des Endger\u00e4tes des Besuchers dieser Internetseiten von Google gespeichert. N\u00e4here Informationen finden Sie in den Datenschutzhinweisen von Google, die Sie hier abrufen k\u00f6nnen:<br \/>\n<a href=\"https:\/\/fonts.google.com\/\" target=\"_blank\" rel=\"noopener noreferrer\">https:\/\/fonts.google.com<\/a><br \/>\n<a href=\"http:\/\/www.google.com\/policies\/privacy\/\">www.google.com\/policies\/privacy\/<\/a><\/p>\n<\/div>\n<\/div>\n<\/div>\n<\/div>\n<\/div>\n","protected":false},"excerpt":{"rendered":"<p>Allgemeine Hinweise Die folgenden Hinweise geben einen einfachen \u00dcberblick dar\u00fcber, was mit Ihren personenbezogenen Daten passiert, wenn Sie unsere Website besuchen. Personenbezogene Daten sind alle Daten, mit denen Sie pers\u00f6nlich identifiziert werden k\u00f6nnen. Ausf\u00fchrliche Informationen zum Thema Datenschutz entnehmen Sie unserer unter diesem Text aufgef\u00fchrten Datenschutzerkl\u00e4rung. Verarbeitung der personenbezogenen Daten Personenbezogene Daten d\u00fcrfen nur gem\u00e4\u00df [&hellip;]<\/p>\n","protected":false},"author":1,"featured_media":0,"parent":0,"menu_order":0,"comment_status":"closed","ping_status":"closed","template":"","meta":{"footnotes":""},"class_list":["post-3","page","type-page","status-publish","hentry","isotope-item"],"_links":{"self":[{"href":"https:\/\/lionsnight.be\/index.php\/wp-json\/wp\/v2\/pages\/3","targetHints":{"allow":["GET"]}}],"collection":[{"href":"https:\/\/lionsnight.be\/index.php\/wp-json\/wp\/v2\/pages"}],"about":[{"href":"https:\/\/lionsnight.be\/index.php\/wp-json\/wp\/v2\/types\/page"}],"author":[{"embeddable":true,"href":"https:\/\/lionsnight.be\/index.php\/wp-json\/wp\/v2\/users\/1"}],"replies":[{"embeddable":true,"href":"https:\/\/lionsnight.be\/index.php\/wp-json\/wp\/v2\/comments?post=3"}],"version-history":[{"count":2,"href":"https:\/\/lionsnight.be\/index.php\/wp-json\/wp\/v2\/pages\/3\/revisions"}],"predecessor-version":[{"id":17,"href":"https:\/\/lionsnight.be\/index.php\/wp-json\/wp\/v2\/pages\/3\/revisions\/17"}],"wp:attachment":[{"href":"https:\/\/lionsnight.be\/index.php\/wp-json\/wp\/v2\/media?parent=3"}],"curies":[{"name":"wp","href":"https:\/\/api.w.org\/{rel}","templated":true}]}}